{"id":163,"date":"2024-05-08T14:31:16","date_gmt":"2024-05-08T18:31:16","guid":{"rendered":"https:\/\/franklinhill.swlauriersb.qc.ca\/day-care-services\/"},"modified":"2026-01-22T20:36:06","modified_gmt":"2026-01-23T01:36:06","slug":"services-de-garde","status":"publish","type":"page","link":"https:\/\/franklinhill.swlauriersb.qc.ca\/fr\/services\/services-de-garde\/","title":{"rendered":"Services de garde"},"content":{"rendered":"\n<div class=\"wp-block-buttons is-layout-flex wp-block-buttons-is-layout-flex\"><\/div>\n\n\n\n<p><strong>Programme de service de garde de l\u2019\u00e9cole primaire Franklin Hill<\/strong><br>Le service de garde de l\u2019\u00e9cole primaire Franklin Hill suit le <em>Programme \u00e9ducatif des services de garde du Qu\u00e9bec<\/em>. Notre mission est de soutenir le d\u00e9veloppement global de chaque enfant gr\u00e2ce \u00e0 une vari\u00e9t\u00e9 d\u2019activit\u00e9s adapt\u00e9es \u00e0 ses int\u00e9r\u00eats et \u00e0 ses besoins, tout en compl\u00e9mentant le projet \u00e9ducatif de l\u2019\u00e9cole.<br>Nous offrons un environnement structur\u00e9, stimulant et bienveillant o\u00f9 les enfants peuvent apprendre, jouer et grandir sous la guidance d\u2019\u00e9ducateurs d\u00e9vou\u00e9s. Toutes les interactions sont ancr\u00e9es dans les valeurs fondamentales de Franklin Hill\u202f: le respect, la gentillesse, la pers\u00e9v\u00e9rance et la responsabilit\u00e9, telles qu\u2019\u00e9nonc\u00e9es dans notre matrice de comportements.<\/p>\n\n\n\n<p><strong>Informations sur l\u2019inscription au service de garde<\/strong><\/p>\n\n\n\n<p><strong>P\u00e9riode d\u2019inscription: <\/strong>L\u2019inscription au service de garde pour la prochaine ann\u00e9e scolaire sera disponible sur le Portail Moza\u00efk de mai \u00e0 juin.<\/p>\n\n\n\n<p><strong>\u00c9l\u00e8ves qui reviennent: <\/strong>L\u2019inscription au service de garde pour les \u00e9l\u00e8ves qui reviennent doit \u00eatre compl\u00e9t\u00e9e en ligne via le Portail Moza\u00efk.<\/p>\n\n\n\n<p><strong>\u00c9l\u00e8ves de maternelle 4 ans et nouveaux \u00e9l\u00e8ves: <\/strong>L\u2019inscription pour les \u00e9l\u00e8ves de maternelle 4 ans ainsi que pour tous les nouveaux \u00e9l\u00e8ves doit \u00eatre compl\u00e9t\u00e9e \u00e0 l\u2019aide du formulaire papier d\u2019inscription au service de garde, disponible d\u00e8s le mois de mars.<\/p>\n\n\n\n<p><strong>Informations suppl\u00e9mentaires<\/strong><\/p>\n\n\n\n<p>Pour toute autre question, veuillez communiquer avec la technicienne du service de garde au poste 7921.<\/p>\n\n\n\n<div class=\"wp-block-buttons is-layout-flex wp-block-buttons-is-layout-flex\">\n<div class=\"wp-block-button\"><a class=\"wp-block-button__link wp-element-button\" href=\"https:\/\/franklinhill.swlauriersb.qc.ca\/wp-content\/uploads\/sites\/36\/2026\/01\/Registration-form-2025-2026.pdf\">Formulaire d&#8217;inscription service de garde 2025-2026<i class=\"icon-arrow-left\"><\/i><\/a><\/div>\n<\/div>\n","protected":false},"excerpt":{"rendered":"<p>Programme de service de garde de l\u2019\u00e9cole primaire Franklin HillLe service de garde de l\u2019\u00e9cole primaire Franklin Hill suit le Programme \u00e9ducatif des services de garde du Qu\u00e9bec. Notre mission est de soutenir le d\u00e9veloppement global de chaque enfant gr\u00e2ce \u00e0 une vari\u00e9t\u00e9 d\u2019activit\u00e9s adapt\u00e9es \u00e0 ses int\u00e9r\u00eats et \u00e0 ses besoins, tout en compl\u00e9mentant&hellip;<\/p>\n","protected":false},"author":1,"featured_media":0,"parent":164,"menu_order":0,"comment_status":"closed","ping_status":"closed","template":"","meta":{"_acf_changed":false,"_relevanssi_hide_post":"","_relevanssi_hide_content":"","_relevanssi_pin_for_all":"","_relevanssi_pin_keywords":"","_relevanssi_unpin_keywords":"","_relevanssi_related_keywords":"","_relevanssi_related_include_ids":"","_relevanssi_related_exclude_ids":"","_relevanssi_related_no_append":"","_relevanssi_related_not_related":"","_relevanssi_related_posts":"479","_relevanssi_noindex_reason":"","footnotes":""},"acf":[],"_links":{"self":[{"href":"https:\/\/franklinhill.swlauriersb.qc.ca\/fr\/wp-json\/wp\/v2\/pages\/163"}],"collection":[{"href":"https:\/\/franklinhill.swlauriersb.qc.ca\/fr\/wp-json\/wp\/v2\/pages"}],"about":[{"href":"https:\/\/franklinhill.swlauriersb.qc.ca\/fr\/wp-json\/wp\/v2\/types\/page"}],"author":[{"embeddable":true,"href":"https:\/\/franklinhill.swlauriersb.qc.ca\/fr\/wp-json\/wp\/v2\/users\/1"}],"replies":[{"embeddable":true,"href":"https:\/\/franklinhill.swlauriersb.qc.ca\/fr\/wp-json\/wp\/v2\/comments?post=163"}],"version-history":[{"count":4,"href":"https:\/\/franklinhill.swlauriersb.qc.ca\/fr\/wp-json\/wp\/v2\/pages\/163\/revisions"}],"predecessor-version":[{"id":615,"href":"https:\/\/franklinhill.swlauriersb.qc.ca\/fr\/wp-json\/wp\/v2\/pages\/163\/revisions\/615"}],"up":[{"embeddable":true,"href":"https:\/\/franklinhill.swlauriersb.qc.ca\/fr\/wp-json\/wp\/v2\/pages\/164"}],"wp:attachment":[{"href":"https:\/\/franklinhill.swlauriersb.qc.ca\/fr\/wp-json\/wp\/v2\/media?parent=163"}],"curies":[{"name":"wp","href":"https:\/\/api.w.org\/{rel}","templated":true}]}}